{"id":28028,"date":"2021-02-10T21:18:14","date_gmt":"2021-02-10T20:18:14","guid":{"rendered":"https:\/\/demaco-cryogenics.com\/erklaerung-zum-datenschutz\/"},"modified":"2021-02-18T13:32:01","modified_gmt":"2021-02-18T12:32:01","slug":"privacy-statement","status":"publish","type":"page","link":"https:\/\/demaco-cryogenics.com\/de\/privacy-statement\/","title":{"rendered":"Privacy statement \/ Datenschutzerkl\u00e4rung"},"content":{"rendered":"\t\t<div data-elementor-type=\"wp-page\" data-elementor-id=\"28028\" class=\"elementor elementor-28028 elementor-22047\" data-elementor-post-type=\"page\">\n\t\t\t\t\t\t<section class=\"elementor-section elementor-top-section elementor-element elementor-element-a417162 elementor-section-boxed elementor-section-height-default elementor-section-height-default\" data-id=\"a417162\" data-element_type=\"section\" data-e-type=\"section\">\n\t\t\t\t\t\t<div class=\"elementor-container elementor-column-gap-default\">\n\t\t\t\t\t<div class=\"elementor-column elementor-col-100 elementor-top-column elementor-element elementor-element-0444bb0\" data-id=\"0444bb0\" data-element_type=\"column\" data-e-type=\"column\">\n\t\t\t<div class=\"elementor-widget-wrap elementor-element-populated\">\n\t\t\t\t\t\t<div class=\"elementor-element elementor-element-abdad7b text-dc-gradient elementor-widget elementor-widget-heading\" data-id=\"abdad7b\" data-element_type=\"widget\" data-e-type=\"widget\" data-widget_type=\"heading.default\">\n\t\t\t\t<div class=\"elementor-widget-container\">\n\t\t\t\t\t<h1 class=\"elementor-heading-title elementor-size-xxl\">Ekl\u00e4rung zum Datenschutz<\/h1>\t\t\t\t<\/div>\n\t\t\t\t<\/div>\n\t\t\t\t<div class=\"elementor-element elementor-element-c79554c elementor-widget elementor-widget-text-editor\" data-id=\"c79554c\" data-element_type=\"widget\" data-e-type=\"widget\" data-widget_type=\"text-editor.default\">\n\t\t\t\t<div class=\"elementor-widget-container\">\n\t\t\t\t\t\t\t\t\t<p>F\u00fcr Demaco Holland B.V., im Folgenden Demaco genannt, ist der sorgf\u00e4ltige Umgang mit personenbezogenen Daten<br \/>von gro\u00dfer Bedeutung. Personenbezogene Daten werden daher von uns sorgf\u00e4ltig verarbeitet und gesichert.<\/p><p>Bei der Verarbeitung personenbezogener und anderer Daten h\u00e4lt sich Demaco an die geltenden Gesetze, insbesondere an die Datenschutz-Grundverordnung (Algemene Verordening Gegevensbescherming, AVG).<\/p><p>Im Folgenden erfahren Sie detailliert, was Sie erwarten k\u00f6nnen und an welche Regeln sich Demaco h\u00e4lt.<\/p><p>Die nachstehende Datenschutzerkl\u00e4rung gilt f\u00fcr alle Website-Besuche, Transaktionen und Vereinbarungen mit Demaco Holland<br \/>B.V., Oester 2, NL-1723 HW Noord-Scharwoude.<\/p><h2>Verwendungszweck<\/h2><p>Um Ihnen den bestm\u00f6glichen Service bieten zu k\u00f6nnen, muss Demaco Ihre Daten speichern. Wir verwenden Ihre<br \/>pers\u00f6nlichen Daten f\u00fcr:<br \/>&#8211; die Umsetzung von Vereinbarungen, Transaktionen und Dienstleistungen;<br \/>&#8211; das Kundenmanagement;<br \/>&#8211; die Entwicklung von Produkten und Dienstleistungen;<br \/>&#8211; die Festlegung von Strategie und Richtlinien;;<br \/>&#8211; falls erforderlich, zur Aufdeckung von rechtswidrigem Verhalten in Bezug auf Demaco, seine Gesch\u00e4ftsbeziehungen und seine Mitarbeiter.<\/p><h2>Marketing-Kommunikation<\/h2><p>Von Zeit zu Zeit senden wir Ihnen Nachrichten \u00fcber unsere Dienstleistungen (z. B. per E-Mail). Wir tun dies nur, wenn<br \/>Sie im Voraus erkl\u00e4rt haben, dass Sie diese Marketingkommunikation w\u00fcnschen.<\/p><h2>Marktforschung<\/h2><p>Ihre Meinung ist uns wichtig.\u00a0 Deshalb werden wir Sie gelegentlich f\u00fcr eine Online-Umfrage an. Sie entscheiden dabei immer selbst, ob Sie (weiterhin) an unserer Marktforschung teilnehmen m\u00f6chten. Auf diese Weise k\u00f6nnen wir unsere Produkte und Dienstleistungen verbessern.<\/p><h2>Datensicherheit<\/h2><p>Demaco setzt zum Schutz der verwendeten Daten Sicherheitsverfahren ein, u. a. um zu verhindern Wir sch\u00fctzen Ihre Daten mit allen uns zur Verf\u00fcgung stehenden Mitteln, k\u00f6nnen aber aufgrund des \u00f6ffentlichen Charakters des Internets die Sicherheit der Informations\u00fcbertragung \u00fcber das Internet nicht immer zu 100% garantieren.<\/p><h2>Datenaustausch innerhalb von Demaco<\/h2><p>Demaco setzt zum Schutz der verwendeten Daten Sicherheitsverfahren ein, u. a. um zu verhindern Wir sch\u00fctzen Ihre Daten mit allen uns zur Verf\u00fcgung stehenden Mitteln, k\u00f6nnen aber aufgrund des \u00f6ffentlichen Charakters des Internets die Sicherheit der Informations\u00fcbertragung \u00fcber das Internet nicht immer zu 100% garantieren.<\/p><h2>Datenaustausch mit Dritten<\/h2><p>Eine Weitergabe Ihrer Daten an Dritte, au\u00dfer an Lieferanten oder Partner, erfolgt nicht ohne ausdr\u00fcckliche<br \/>Zustimmung.<\/p><h2>Links zu anderen Websites<\/h2><p>Diese Datenschutzerkl\u00e4rung gilt nicht f\u00fcr die Webseiten Dritter, die \u00fcber Links mit dieser Webseite verkn\u00fcpft sind.<br \/>Wir k\u00f6nnen nicht garantieren, dass diese Dritten Ihre pers\u00f6nlichen Daten in einer zuverl\u00e4ssigen oder sicheren Weise behandeln. Wir empfehlen Ihnen, die Datenschutzerkl\u00e4rungen dieser Internetseiten zu lesen bevor Sie diese Webseiten nutzen.<\/p><h2>Cookies<\/h2><p>Auf dieser Webseite werden Cookies verwendet, um die Integrit\u00e4t des Anmeldevorgangs zu gew\u00e4hrleisten und um die Webseite zu personalisieren. Ein Cookie ist eine kleine Textdatei, die von einem Server einer Webseite auf Ihrem Computer abgelegt wird. Cookies sind pro Benutzer einzigartig und k\u00f6nnen nur von einem Server in der Dom\u00e4ne gelesen werden, die das Cookie an Ihren Computer gesendet hat.<\/p><p>Der Hauptzweck von Cookies ist es, Ihnen Zeit und M\u00fche zu ersparen.\u00a0 Wenn Sie beispielsweise eine Webseite an Ihre pers\u00f6nlichen Vorlieben anpassen oder in einer Website navigieren, werden dank der Cookies die gew\u00e4hlten Einstellungen und Pr\u00e4ferenzen f\u00fcr die zuk\u00fcnftige Nutzung gespeichert. Wenn Sie die Website sp\u00e4ter erneut besuchen,\u00a0 k\u00f6nnen die zuvor eingegebenen Daten von den Cookies abgerufen werden, so dass Sie die Optionen der Website einfach so wie Sie sie zuvor eingestellt haben. Dar\u00fcber hinaus werden Cookies verwendet, um Statistiken zu f\u00fchren, aber auch dann enthalten die Daten keine pers\u00f6nlichen Informationen enthalten.<\/p><p>Sie k\u00f6nnen immer selbst entscheiden, ob Sie Cookies akzeptieren wollen oder nicht. Cookies werden von den meisten Browsern automatisch akzeptiert.<br \/>Sie k\u00f6nnen die Einstellungen Ihres Browsers jedoch in der Regel so \u00e4ndern, dass Cookies nicht akzeptiert werden, wenn Sie dies w\u00fcnschen.<br \/>Wenn Sie sich daf\u00fcr entscheiden, keine Cookies zu akzeptieren, k\u00f6nnen Sie m\u00f6glicherweise nicht alle interaktiven Funktionen dieser Website oder anderer Internetseiten, die Sie besuchen, voll nutzen.<\/p><h2>Soziale Medien<\/h2><p>Unsere Websites und mobilen Apps enthalten Funktionen f\u00fcr soziale Medien wie Facebook und LinkedIn, die ihre eigenen Datenschutzerkl\u00e4rungen haben. Stellen Sie sicher, dass Sie deren Bedingungen und die Datenschutzerkl\u00e4rung sorgf\u00e4ltig durcgehlesen haben, bevor Sie pers\u00f6nliche Daten eingeben; wir \u00fcbernehmen keine Verantwortung oder Haftung f\u00fcr diese Funktionen.<\/p><h2>\u00c4nderungen der Datenschutzerkl\u00e4rung<\/h2><p>Demaco beh\u00e4lt sich das Recht vor, diese Bedingungen zu \u00e4ndern. Die \u00c4nderungen werden jeweils auf unserer Webseite angek\u00fcndigt und sofort in dieser Datenschutzerkl\u00e4rung verarbeitet.<\/p><h2>Daten ansehen und abbestellen<\/h2><p>Wir werden Ihre Daten aktualisieren oder l\u00f6schen, es sei denn, wir m\u00fcssen sie aus betrieblichen oder rechtlichen Gr\u00fcnden aufbewahren.<\/p><p>Sie k\u00f6nnen Zugang zu Ihren bei Demaco Holland B.V. gespeicherten pers\u00f6nlichen Daten beantragen. Au\u00dferdem k\u00f6nnen Sie Demaco auffordern, diese Daten zu \u00e4ndern, zu erg\u00e4nzen und \/ oder zu l\u00f6schen, zu vernichten oder abzuschirmen in \u00dcbereinstimmung mit den Bestimmungen der Algemene Verordening Gegevensbescherming (Datenschutz-Grundverordnung).<\/p><p>Wenn Sie keine aktive Beziehung zu Demaco mehr aufrechterhalten m\u00f6chten, werden wir Ihre Daten unverz\u00fcglich aus unseren CRM- und Mailing-System entfernen.<\/p><p>Eine von Ihnen erteilte Einwilligungserkl\u00e4rung kann jederzeit widerrufen werden. Hierf\u00fcr k\u00f6nnen Sie Demaco kontaktieren \u00fcber info@demaco-cryogenics.com.<\/p><h2>Dauer der Speicherung<\/h2><p>Die Dauer der Speicherung von Daten erfolgt in \u00dcbereinstimmung mit den geltenden Gesetzen und Vorschriften und so lange, wie es f\u00fcr die Zwecke, f\u00fcr die wir die Daten verwenden, erforderlich ist. Danach l\u00f6schen wir Ihre personenbezogenen Daten. Falls wir die Daten noch f\u00fcr analytische, historische oder andere gesch\u00e4ftliche Zwecke nutzen wollen verwenden wollen, werden wir Ihre Daten anschlie\u00dfend anonymisieren.<\/p><h2>Reklamationen<\/h2><p>Wir bem\u00fchen uns, Ihre pers\u00f6nlichen Daten mit Sorgfalt zu behandeln. Wenn Sie dennoch eine Beschwerde haben \u00fcber<br \/>die Art und Weise, wie wir Ihre pers\u00f6nlichen Daten erheben, speichern oder nutzen, teilen Sie uns dies bitte mit, indem Sie Ihr<br \/>schriftliche Frage oder Beschwerde an Demaco.<br \/>Adresse:<br \/>Demaco Holland B.V., Oester 2, NL-1723 HW Noord-Scharwoude<br \/>oder per E-Mail an: info@demaco-cryogenics.com<\/p>\t\t\t\t\t\t\t\t<\/div>\n\t\t\t\t<\/div>\n\t\t\t\t\t<\/div>\n\t\t<\/div>\n\t\t\t\t\t<\/div>\n\t\t<\/section>\n\t\t\t\t<\/div>\n\t\t","protected":false},"excerpt":{"rendered":"<p>Ekl\u00e4rung zum Datenschutz F\u00fcr Demaco Holland B.V., im Folgenden Demaco genannt, ist der sorgf\u00e4ltige Umgang mit personenbezogenen Datenvon gro\u00dfer Bedeutung. Personenbezogene Daten werden daher von uns sorgf\u00e4ltig verarbeitet und gesichert. Bei der Verarbeitung personenbezogener und anderer Daten h\u00e4lt sich Demaco an die geltenden Gesetze, insbesondere an die Datenschutz-Grundverordnung (Algemene Verordening Gegevensbescherming, AVG). Im Folgenden erfahren [&hellip;]<\/p>\n","protected":false},"author":2,"featured_media":0,"parent":0,"menu_order":0,"comment_status":"closed","ping_status":"closed","template":"","meta":{"_acf_changed":false,"site-sidebar-layout":"no-sidebar","site-content-layout":"page-builder","ast-site-content-layout":"default","site-content-style":"default","site-sidebar-style":"default","ast-global-header-display":"","ast-banner-title-visibility":"","ast-main-header-display":"","ast-hfb-above-header-display":"","ast-hfb-below-header-display":"","ast-hfb-mobile-header-display":"","site-post-title":"disabled","ast-breadcrumbs-content":"","ast-featured-img":"disabled","footer-sml-layout":"","ast-disable-related-posts":"","theme-transparent-header-meta":"default","adv-header-id-meta":"","stick-header-meta":"","header-above-stick-meta":"","header-main-stick-meta":"","header-below-stick-meta":"","astra-migrate-meta-layouts":"default","ast-page-background-enabled":"default","ast-page-background-meta":{"desktop":{"background-color":"","background-image":"","background-repeat":"repeat","background-position":"center center","background-size":"auto","background-attachment":"scroll","background-type":"","background-media":"","overlay-type":"","overlay-color":"","overlay-opacity":"","overlay-gradient":""},"tablet":{"background-color":"","background-image":"","background-repeat":"repeat","background-position":"center center","background-size":"auto","background-attachment":"scroll","background-type":"","background-media":"","overlay-type":"","overlay-color":"","overlay-opacity":"","overlay-gradient":""},"mobile":{"background-color":"","background-image":"","background-repeat":"repeat","background-position":"center center","background-size":"auto","background-attachment":"scroll","background-type":"","background-media":"","overlay-type":"","overlay-color":"","overlay-opacity":"","overlay-gradient":""}},"ast-content-background-meta":{"desktop":{"background-color":"var(--ast-global-color-5)","background-image":"","background-repeat":"repeat","background-position":"center center","background-size":"auto","background-attachment":"scroll","background-type":"","background-media":"","overlay-type":"","overlay-color":"","overlay-opacity":"","overlay-gradient":""},"tablet":{"background-color":"var(--ast-global-color-5)","background-image":"","background-repeat":"repeat","background-position":"center center","background-size":"auto","background-attachment":"scroll","background-type":"","background-media":"","overlay-type":"","overlay-color":"","overlay-opacity":"","overlay-gradient":""},"mobile":{"background-color":"var(--ast-global-color-5)","background-image":"","background-repeat":"repeat","background-position":"center center","background-size":"auto","background-attachment":"scroll","background-type":"","background-media":"","overlay-type":"","overlay-color":"","overlay-opacity":"","overlay-gradient":""}},"footnotes":""},"class_list":["post-28028","page","type-page","status-publish","hentry"],"acf":[],"yoast_head":"<!-- This site is optimized with the Yoast SEO plugin v27.3 - https:\/\/yoast.com\/product\/yoast-seo-wordpress\/ -->\n<title>Privacy statement \/ Datenschutzerkl\u00e4rung - Demaco Holland B.V.<\/title>\n<meta name=\"description\" content=\"F\u00fcr Demaco Holland B.V., im Folgenden Demaco genannt, ist der gewissenhafte Umgang mit personenbezogenen Daten von gro\u00dfer Bedeutung. Personenbezogene Daten werden daher von uns sorgf\u00e4ltig verarbeitet und gesichert.\" \/>\n<meta name=\"robots\" content=\"noindex, follow\" \/>\n<meta property=\"og:locale\" content=\"de_DE\" \/>\n<meta property=\"og:type\" content=\"article\" \/>\n<meta property=\"og:title\" content=\"Privacy statement \/ Datenschutzerkl\u00e4rung - Demaco Holland B.V.\" \/>\n<meta property=\"og:description\" content=\"F\u00fcr Demaco Holland B.V., im Folgenden Demaco genannt, ist der gewissenhafte Umgang mit personenbezogenen Daten von gro\u00dfer Bedeutung. Personenbezogene Daten werden daher von uns sorgf\u00e4ltig verarbeitet und gesichert.\" \/>\n<meta property=\"og:url\" content=\"https:\/\/demaco-cryogenics.com\/de\/privacy-statement\/\" \/>\n<meta property=\"og:site_name\" content=\"Demaco Cryogenics\" \/>\n<meta property=\"article:publisher\" content=\"https:\/\/www.facebook.com\/demaconl\" \/>\n<meta property=\"article:modified_time\" content=\"2021-02-18T12:32:01+00:00\" \/>\n<meta name=\"twitter:card\" content=\"summary_large_image\" \/>\n<meta name=\"twitter:site\" content=\"@DemacoNL\" \/>\n<meta name=\"twitter:label1\" content=\"Gesch\u00e4tzte Lesezeit\" \/>\n\t<meta name=\"twitter:data1\" content=\"4\u00a0Minuten\" \/>\n<script type=\"application\/ld+json\" class=\"yoast-schema-graph\">{\"@context\":\"https:\\\/\\\/schema.org\",\"@graph\":[{\"@type\":\"WebPage\",\"@id\":\"https:\\\/\\\/demaco-cryogenics.com\\\/de\\\/privacy-statement\\\/\",\"url\":\"https:\\\/\\\/demaco-cryogenics.com\\\/de\\\/privacy-statement\\\/\",\"name\":\"Privacy statement \\\/ Datenschutzerkl\u00e4rung - Demaco Holland B.V.\",\"isPartOf\":{\"@id\":\"https:\\\/\\\/demaco-cryogenics.com\\\/de\\\/#website\"},\"datePublished\":\"2021-02-10T20:18:14+00:00\",\"dateModified\":\"2021-02-18T12:32:01+00:00\",\"description\":\"F\u00fcr Demaco Holland B.V., im Folgenden Demaco genannt, ist der gewissenhafte Umgang mit personenbezogenen Daten von gro\u00dfer Bedeutung. Personenbezogene Daten werden daher von uns sorgf\u00e4ltig verarbeitet und gesichert.\",\"breadcrumb\":{\"@id\":\"https:\\\/\\\/demaco-cryogenics.com\\\/de\\\/privacy-statement\\\/#breadcrumb\"},\"inLanguage\":\"de\",\"potentialAction\":[{\"@type\":\"ReadAction\",\"target\":[\"https:\\\/\\\/demaco-cryogenics.com\\\/de\\\/privacy-statement\\\/\"]}]},{\"@type\":\"BreadcrumbList\",\"@id\":\"https:\\\/\\\/demaco-cryogenics.com\\\/de\\\/privacy-statement\\\/#breadcrumb\",\"itemListElement\":[{\"@type\":\"ListItem\",\"position\":1,\"name\":\"Home\",\"item\":\"https:\\\/\\\/demaco-cryogenics.com\\\/de\\\/\"},{\"@type\":\"ListItem\",\"position\":2,\"name\":\"Privacy statement \\\/ Datenschutzerkl\u00e4rung\"}]},{\"@type\":\"WebSite\",\"@id\":\"https:\\\/\\\/demaco-cryogenics.com\\\/de\\\/#website\",\"url\":\"https:\\\/\\\/demaco-cryogenics.com\\\/de\\\/\",\"name\":\"Demaco Cryogenics\",\"description\":\"It&#039;s all about cryogenics\",\"publisher\":{\"@id\":\"https:\\\/\\\/demaco-cryogenics.com\\\/de\\\/#organization\"},\"potentialAction\":[{\"@type\":\"SearchAction\",\"target\":{\"@type\":\"EntryPoint\",\"urlTemplate\":\"https:\\\/\\\/demaco-cryogenics.com\\\/de\\\/?s={search_term_string}\"},\"query-input\":{\"@type\":\"PropertyValueSpecification\",\"valueRequired\":true,\"valueName\":\"search_term_string\"}}],\"inLanguage\":\"de\"},{\"@type\":\"Organization\",\"@id\":\"https:\\\/\\\/demaco-cryogenics.com\\\/de\\\/#organization\",\"name\":\"Demaco Holland B.V.\",\"url\":\"https:\\\/\\\/demaco-cryogenics.com\\\/de\\\/\",\"logo\":{\"@type\":\"ImageObject\",\"inLanguage\":\"de\",\"@id\":\"https:\\\/\\\/demaco-cryogenics.com\\\/de\\\/#\\\/schema\\\/logo\\\/image\\\/\",\"url\":\"https:\\\/\\\/demaco-cryogenics.com\\\/wp-content\\\/uploads\\\/2020\\\/11\\\/logoDemaco.png\",\"contentUrl\":\"https:\\\/\\\/demaco-cryogenics.com\\\/wp-content\\\/uploads\\\/2020\\\/11\\\/logoDemaco.png\",\"width\":195,\"height\":32,\"caption\":\"Demaco Holland B.V.\"},\"image\":{\"@id\":\"https:\\\/\\\/demaco-cryogenics.com\\\/de\\\/#\\\/schema\\\/logo\\\/image\\\/\"},\"sameAs\":[\"https:\\\/\\\/www.facebook.com\\\/demaconl\",\"https:\\\/\\\/x.com\\\/DemacoNL\",\"https:\\\/\\\/www.linkedin.com\\\/company\\\/demaco-holland-bv\",\"https:\\\/\\\/www.youtube.com\\\/channel\\\/UC78jyFu07rQ4tbCzzoHxm1Q\"]}]}<\/script>\n<!-- \/ Yoast SEO plugin. -->","yoast_head_json":{"title":"Privacy statement \/ Datenschutzerkl\u00e4rung - Demaco Holland B.V.","description":"F\u00fcr Demaco Holland B.V., im Folgenden Demaco genannt, ist der gewissenhafte Umgang mit personenbezogenen Daten von gro\u00dfer Bedeutung. Personenbezogene Daten werden daher von uns sorgf\u00e4ltig verarbeitet und gesichert.","robots":{"index":"noindex","follow":"follow"},"og_locale":"de_DE","og_type":"article","og_title":"Privacy statement \/ Datenschutzerkl\u00e4rung - Demaco Holland B.V.","og_description":"F\u00fcr Demaco Holland B.V., im Folgenden Demaco genannt, ist der gewissenhafte Umgang mit personenbezogenen Daten von gro\u00dfer Bedeutung. Personenbezogene Daten werden daher von uns sorgf\u00e4ltig verarbeitet und gesichert.","og_url":"https:\/\/demaco-cryogenics.com\/de\/privacy-statement\/","og_site_name":"Demaco Cryogenics","article_publisher":"https:\/\/www.facebook.com\/demaconl","article_modified_time":"2021-02-18T12:32:01+00:00","twitter_card":"summary_large_image","twitter_site":"@DemacoNL","twitter_misc":{"Gesch\u00e4tzte Lesezeit":"4\u00a0Minuten"},"schema":{"@context":"https:\/\/schema.org","@graph":[{"@type":"WebPage","@id":"https:\/\/demaco-cryogenics.com\/de\/privacy-statement\/","url":"https:\/\/demaco-cryogenics.com\/de\/privacy-statement\/","name":"Privacy statement \/ Datenschutzerkl\u00e4rung - Demaco Holland B.V.","isPartOf":{"@id":"https:\/\/demaco-cryogenics.com\/de\/#website"},"datePublished":"2021-02-10T20:18:14+00:00","dateModified":"2021-02-18T12:32:01+00:00","description":"F\u00fcr Demaco Holland B.V., im Folgenden Demaco genannt, ist der gewissenhafte Umgang mit personenbezogenen Daten von gro\u00dfer Bedeutung. Personenbezogene Daten werden daher von uns sorgf\u00e4ltig verarbeitet und gesichert.","breadcrumb":{"@id":"https:\/\/demaco-cryogenics.com\/de\/privacy-statement\/#breadcrumb"},"inLanguage":"de","potentialAction":[{"@type":"ReadAction","target":["https:\/\/demaco-cryogenics.com\/de\/privacy-statement\/"]}]},{"@type":"BreadcrumbList","@id":"https:\/\/demaco-cryogenics.com\/de\/privacy-statement\/#breadcrumb","itemListElement":[{"@type":"ListItem","position":1,"name":"Home","item":"https:\/\/demaco-cryogenics.com\/de\/"},{"@type":"ListItem","position":2,"name":"Privacy statement \/ Datenschutzerkl\u00e4rung"}]},{"@type":"WebSite","@id":"https:\/\/demaco-cryogenics.com\/de\/#website","url":"https:\/\/demaco-cryogenics.com\/de\/","name":"Demaco Cryogenics","description":"It&#039;s all about cryogenics","publisher":{"@id":"https:\/\/demaco-cryogenics.com\/de\/#organization"},"potentialAction":[{"@type":"SearchAction","target":{"@type":"EntryPoint","urlTemplate":"https:\/\/demaco-cryogenics.com\/de\/?s={search_term_string}"},"query-input":{"@type":"PropertyValueSpecification","valueRequired":true,"valueName":"search_term_string"}}],"inLanguage":"de"},{"@type":"Organization","@id":"https:\/\/demaco-cryogenics.com\/de\/#organization","name":"Demaco Holland B.V.","url":"https:\/\/demaco-cryogenics.com\/de\/","logo":{"@type":"ImageObject","inLanguage":"de","@id":"https:\/\/demaco-cryogenics.com\/de\/#\/schema\/logo\/image\/","url":"https:\/\/demaco-cryogenics.com\/wp-content\/uploads\/2020\/11\/logoDemaco.png","contentUrl":"https:\/\/demaco-cryogenics.com\/wp-content\/uploads\/2020\/11\/logoDemaco.png","width":195,"height":32,"caption":"Demaco Holland B.V."},"image":{"@id":"https:\/\/demaco-cryogenics.com\/de\/#\/schema\/logo\/image\/"},"sameAs":["https:\/\/www.facebook.com\/demaconl","https:\/\/x.com\/DemacoNL","https:\/\/www.linkedin.com\/company\/demaco-holland-bv","https:\/\/www.youtube.com\/channel\/UC78jyFu07rQ4tbCzzoHxm1Q"]}]}},"_links":{"self":[{"href":"https:\/\/demaco-cryogenics.com\/de\/wp-json\/wp\/v2\/pages\/28028","targetHints":{"allow":["GET"]}}],"collection":[{"href":"https:\/\/demaco-cryogenics.com\/de\/wp-json\/wp\/v2\/pages"}],"about":[{"href":"https:\/\/demaco-cryogenics.com\/de\/wp-json\/wp\/v2\/types\/page"}],"author":[{"embeddable":true,"href":"https:\/\/demaco-cryogenics.com\/de\/wp-json\/wp\/v2\/users\/2"}],"replies":[{"embeddable":true,"href":"https:\/\/demaco-cryogenics.com\/de\/wp-json\/wp\/v2\/comments?post=28028"}],"version-history":[{"count":0,"href":"https:\/\/demaco-cryogenics.com\/de\/wp-json\/wp\/v2\/pages\/28028\/revisions"}],"wp:attachment":[{"href":"https:\/\/demaco-cryogenics.com\/de\/wp-json\/wp\/v2\/media?parent=28028"}],"curies":[{"name":"wp","href":"https:\/\/api.w.org\/{rel}","templated":true}]}}