{"id":29921,"date":"2021-02-15T17:28:22","date_gmt":"2021-02-15T16:28:22","guid":{"rendered":"https:\/\/demaco-cryogenics.com\/haftungsausschluss\/"},"modified":"2021-02-18T13:30:00","modified_gmt":"2021-02-18T12:30:00","slug":"haftungsausschluss","status":"publish","type":"page","link":"https:\/\/demaco-cryogenics.com\/de\/haftungsausschluss\/","title":{"rendered":"Haftungsausschluss"},"content":{"rendered":"\t\t<div data-elementor-type=\"wp-page\" data-elementor-id=\"29921\" class=\"elementor elementor-29921 elementor-20302\" data-elementor-post-type=\"page\">\n\t\t\t\t\t\t<section class=\"elementor-section elementor-top-section elementor-element elementor-element-f87655a elementor-section-boxed elementor-section-height-default elementor-section-height-default\" data-id=\"f87655a\" data-element_type=\"section\" data-e-type=\"section\">\n\t\t\t\t\t\t<div class=\"elementor-container elementor-column-gap-default\">\n\t\t\t\t\t<div class=\"elementor-column elementor-col-100 elementor-top-column elementor-element elementor-element-479ae18\" data-id=\"479ae18\" data-element_type=\"column\" data-e-type=\"column\">\n\t\t\t<div class=\"elementor-widget-wrap elementor-element-populated\">\n\t\t\t\t\t\t<div class=\"elementor-element elementor-element-ee162d9 text-dc-gradient elementor-widget elementor-widget-heading\" data-id=\"ee162d9\" data-element_type=\"widget\" data-e-type=\"widget\" data-widget_type=\"heading.default\">\n\t\t\t\t<div class=\"elementor-widget-container\">\n\t\t\t\t\t<h1 class=\"elementor-heading-title elementor-size-xxl\">Haftungsausschluss<\/h1>\t\t\t\t<\/div>\n\t\t\t\t<\/div>\n\t\t\t\t<div class=\"elementor-element elementor-element-66265bb elementor-widget elementor-widget-text-editor\" data-id=\"66265bb\" data-element_type=\"widget\" data-e-type=\"widget\" data-widget_type=\"text-editor.default\">\n\t\t\t\t<div class=\"elementor-widget-container\">\n\t\t\t\t\t\t\t\t\t<p><span style=\"font-weight: 400;\">Auf der Website von Demaco Holland B.V. gelten die folgenden Bedingungen. Durch die Betrachtung dieser Website und die Nutzung der darauf angebotenen Informationen erkl\u00e4ren Sie sich mit diesen Bedingungen einverstanden.<\/span><\/p>\n<p><span style=\"font-weight: 400;\">Die Angaben auf dieser Website sind zur allgemeinen Information bestimmt. Diese Daten k\u00f6nnen sich ohne weitere Ank\u00fcndigung \u00e4ndern.<\/span><\/p>\n<p><span style=\"font-weight: 400;\">Demaco wendet bei der Zusammenstellung und Pflege dieser Website Sorgfalt an und verwendet Quellen, die als zuverl\u00e4ssig gelten. Die Demaco \u00fcbernimmt jedoch keine Gew\u00e4hr f\u00fcr die Richtigkeit, Vollst\u00e4ndigkeit und Aktualit\u00e4t der bereitgestellten Informationen. Demaco \u00fcbernimmt keine Verpflichtung, die bereitgestellten Informationen zu aktualisieren oder eventuelle Fehler zu korrigieren und lehnt jede diesbez\u00fcgliche Haftung ausdr\u00fccklich ab. Sie k\u00f6nnen aus den bereitgestellten Informationen keine Rechte ableiten. Demaco garantiert auch nicht, dass die Demaco-Websites fehlerfrei oder ohne Unterbrechung funktionieren.<\/span><\/p>\n<p><span style=\"font-weight: 400;\">Die Demaco-Seiten verweisen auf Informationen, die von Dritten bereitgestellt werden, sei es durch Hyperlinks oder nicht. Diese Informationen wurden von Demaco nicht weiter auf Angemessenheit, Korrektheit, Vollst\u00e4ndigkeit oder Aktualit\u00e4t gepr\u00fcft. Demaco lehnt eine diesbez\u00fcgliche Haftung ausdr\u00fccklich ab.<\/span><\/p>\n<p><span style=\"font-weight: 400;\">Die bereitgestellten Informationen sind nicht als Ersatz f\u00fcr eine fachkundige Beratung gedacht. Wenn Sie die bereitgestellten Informationen ohne \u00dcberpr\u00fcfung oder weitere Beratung verwenden, tun Sie dies auf eigene Kosten und Gefahr.<\/span><\/p>\n<p><span style=\"font-weight: 400;\">Demaco Holland B.V. bzw. der Berechtigte beh\u00e4lt sich alle Rechte (einschlie\u00dflich Urheberrechte, Markenrechte, Patente) in Bezug auf die auf der Demaco-Website pr\u00e4sentierten Informationen (einschlie\u00dflich Texte, grafisches Material und Logos) vor. Sie erwerben keine Art von Lizenz in Bezug auf diese Informationen, au\u00dfer in dem Umfang, der f\u00fcr die Online-Anzeige der Demaco-Site unbedingt erforderlich ist. Insbesondere ist es nicht gestattet, sie ohne weitere ausdr\u00fcckliche schriftliche Genehmigung von Demaco zu kopieren, zu vervielf\u00e4ltigen oder in irgendeiner Weise Dritten zug\u00e4nglich zu machen.<\/span><\/p>\n<p><span style=\"font-weight: 400;\">Die Haftungsausschl\u00fcsse und -beschr\u00e4nkungen kommen auch den Gesch\u00e4ftsf\u00fchrern und Mitarbeitern von Demaco zugute.<\/span><\/p>\n<p><span style=\"font-weight: 400;\">F\u00fcr die Demaco-Site und diese Bedingungen &amp; Disclaimer gilt niederl\u00e4ndisches Recht.<\/span><\/p>\n\t\t\t\t\t\t\t\t<\/div>\n\t\t\t\t<\/div>\n\t\t\t\t\t<\/div>\n\t\t<\/div>\n\t\t\t\t\t<\/div>\n\t\t<\/section>\n\t\t\t\t<\/div>\n\t\t","protected":false},"excerpt":{"rendered":"<p>Haftungsausschluss Auf der Website von Demaco Holland B.V. gelten die folgenden Bedingungen. Durch die Betrachtung dieser Website und die Nutzung der darauf angebotenen Informationen erkl\u00e4ren Sie sich mit diesen Bedingungen einverstanden. Die Angaben auf dieser Website sind zur allgemeinen Information bestimmt. Diese Daten k\u00f6nnen sich ohne weitere Ank\u00fcndigung \u00e4ndern. Demaco wendet bei der Zusammenstellung und [&hellip;]<\/p>\n","protected":false},"author":2,"featured_media":0,"parent":0,"menu_order":0,"comment_status":"closed","ping_status":"closed","template":"","meta":{"_acf_changed":false,"site-sidebar-layout":"no-sidebar","site-content-layout":"page-builder","ast-site-content-layout":"default","site-content-style":"default","site-sidebar-style":"default","ast-global-header-display":"","ast-banner-title-visibility":"","ast-main-header-display":"","ast-hfb-above-header-display":"","ast-hfb-below-header-display":"","ast-hfb-mobile-header-display":"","site-post-title":"disabled","ast-breadcrumbs-content":"","ast-featured-img":"disabled","footer-sml-layout":"","ast-disable-related-posts":"","theme-transparent-header-meta":"default","adv-header-id-meta":"","stick-header-meta":"","header-above-stick-meta":"","header-main-stick-meta":"","header-below-stick-meta":"","astra-migrate-meta-layouts":"default","ast-page-background-enabled":"default","ast-page-background-meta":{"desktop":{"background-color":"","background-image":"","background-repeat":"repeat","background-position":"center center","background-size":"auto","background-attachment":"scroll","background-type":"","background-media":"","overlay-type":"","overlay-color":"","overlay-opacity":"","overlay-gradient":""},"tablet":{"background-color":"","background-image":"","background-repeat":"repeat","background-position":"center center","background-size":"auto","background-attachment":"scroll","background-type":"","background-media":"","overlay-type":"","overlay-color":"","overlay-opacity":"","overlay-gradient":""},"mobile":{"background-color":"","background-image":"","background-repeat":"repeat","background-position":"center center","background-size":"auto","background-attachment":"scroll","background-type":"","background-media":"","overlay-type":"","overlay-color":"","overlay-opacity":"","overlay-gradient":""}},"ast-content-background-meta":{"desktop":{"background-color":"var(--ast-global-color-5)","background-image":"","background-repeat":"repeat","background-position":"center center","background-size":"auto","background-attachment":"scroll","background-type":"","background-media":"","overlay-type":"","overlay-color":"","overlay-opacity":"","overlay-gradient":""},"tablet":{"background-color":"var(--ast-global-color-5)","background-image":"","background-repeat":"repeat","background-position":"center center","background-size":"auto","background-attachment":"scroll","background-type":"","background-media":"","overlay-type":"","overlay-color":"","overlay-opacity":"","overlay-gradient":""},"mobile":{"background-color":"var(--ast-global-color-5)","background-image":"","background-repeat":"repeat","background-position":"center center","background-size":"auto","background-attachment":"scroll","background-type":"","background-media":"","overlay-type":"","overlay-color":"","overlay-opacity":"","overlay-gradient":""}},"footnotes":""},"class_list":["post-29921","page","type-page","status-publish","hentry"],"acf":[],"yoast_head":"<!-- This site is optimized with the Yoast SEO plugin v27.3 - https:\/\/yoast.com\/product\/yoast-seo-wordpress\/ -->\n<title>Haftungsausschluss - Demaco Holland B.V.<\/title>\n<meta name=\"description\" content=\"Auf der Website von Demaco Holland B.V. gelten die folgenden Bedingungen. Durch die Betrachtung dieser Website und die Nutzung der darauf angebotenen Informationen erkl\u00e4ren Sie sich mit diesen Bedingungen einverstanden.\" \/>\n<meta name=\"robots\" content=\"index, follow, max-snippet:-1, max-image-preview:large, max-video-preview:-1\" \/>\n<link rel=\"canonical\" href=\"https:\/\/demaco-cryogenics.com\/de\/haftungsausschluss\/\" \/>\n<meta property=\"og:locale\" content=\"de_DE\" \/>\n<meta property=\"og:type\" content=\"article\" \/>\n<meta property=\"og:title\" content=\"Haftungsausschluss - Demaco Holland B.V.\" \/>\n<meta property=\"og:description\" content=\"Auf der Website von Demaco Holland B.V. gelten die folgenden Bedingungen. Durch die Betrachtung dieser Website und die Nutzung der darauf angebotenen Informationen erkl\u00e4ren Sie sich mit diesen Bedingungen einverstanden.\" \/>\n<meta property=\"og:url\" content=\"https:\/\/demaco-cryogenics.com\/de\/haftungsausschluss\/\" \/>\n<meta property=\"og:site_name\" content=\"Demaco Cryogenics\" \/>\n<meta property=\"article:publisher\" content=\"https:\/\/www.facebook.com\/demaconl\" \/>\n<meta property=\"article:modified_time\" content=\"2021-02-18T12:30:00+00:00\" \/>\n<meta name=\"twitter:card\" content=\"summary_large_image\" \/>\n<meta name=\"twitter:site\" content=\"@DemacoNL\" \/>\n<meta name=\"twitter:label1\" content=\"Gesch\u00e4tzte Lesezeit\" \/>\n\t<meta name=\"twitter:data1\" content=\"2\u00a0Minuten\" \/>\n<script type=\"application\/ld+json\" class=\"yoast-schema-graph\">{\"@context\":\"https:\\\/\\\/schema.org\",\"@graph\":[{\"@type\":\"WebPage\",\"@id\":\"https:\\\/\\\/demaco-cryogenics.com\\\/de\\\/haftungsausschluss\\\/\",\"url\":\"https:\\\/\\\/demaco-cryogenics.com\\\/de\\\/haftungsausschluss\\\/\",\"name\":\"Haftungsausschluss - Demaco Holland B.V.\",\"isPartOf\":{\"@id\":\"https:\\\/\\\/demaco-cryogenics.com\\\/de\\\/#website\"},\"datePublished\":\"2021-02-15T16:28:22+00:00\",\"dateModified\":\"2021-02-18T12:30:00+00:00\",\"description\":\"Auf der Website von Demaco Holland B.V. gelten die folgenden Bedingungen. Durch die Betrachtung dieser Website und die Nutzung der darauf angebotenen Informationen erkl\u00e4ren Sie sich mit diesen Bedingungen einverstanden.\",\"breadcrumb\":{\"@id\":\"https:\\\/\\\/demaco-cryogenics.com\\\/de\\\/haftungsausschluss\\\/#breadcrumb\"},\"inLanguage\":\"de\",\"potentialAction\":[{\"@type\":\"ReadAction\",\"target\":[\"https:\\\/\\\/demaco-cryogenics.com\\\/de\\\/haftungsausschluss\\\/\"]}]},{\"@type\":\"BreadcrumbList\",\"@id\":\"https:\\\/\\\/demaco-cryogenics.com\\\/de\\\/haftungsausschluss\\\/#breadcrumb\",\"itemListElement\":[{\"@type\":\"ListItem\",\"position\":1,\"name\":\"Home\",\"item\":\"https:\\\/\\\/demaco-cryogenics.com\\\/de\\\/\"},{\"@type\":\"ListItem\",\"position\":2,\"name\":\"Haftungsausschluss\"}]},{\"@type\":\"WebSite\",\"@id\":\"https:\\\/\\\/demaco-cryogenics.com\\\/de\\\/#website\",\"url\":\"https:\\\/\\\/demaco-cryogenics.com\\\/de\\\/\",\"name\":\"Demaco Cryogenics\",\"description\":\"It&#039;s all about cryogenics\",\"publisher\":{\"@id\":\"https:\\\/\\\/demaco-cryogenics.com\\\/de\\\/#organization\"},\"potentialAction\":[{\"@type\":\"SearchAction\",\"target\":{\"@type\":\"EntryPoint\",\"urlTemplate\":\"https:\\\/\\\/demaco-cryogenics.com\\\/de\\\/?s={search_term_string}\"},\"query-input\":{\"@type\":\"PropertyValueSpecification\",\"valueRequired\":true,\"valueName\":\"search_term_string\"}}],\"inLanguage\":\"de\"},{\"@type\":\"Organization\",\"@id\":\"https:\\\/\\\/demaco-cryogenics.com\\\/de\\\/#organization\",\"name\":\"Demaco Holland B.V.\",\"url\":\"https:\\\/\\\/demaco-cryogenics.com\\\/de\\\/\",\"logo\":{\"@type\":\"ImageObject\",\"inLanguage\":\"de\",\"@id\":\"https:\\\/\\\/demaco-cryogenics.com\\\/de\\\/#\\\/schema\\\/logo\\\/image\\\/\",\"url\":\"https:\\\/\\\/demaco-cryogenics.com\\\/wp-content\\\/uploads\\\/2020\\\/11\\\/logoDemaco.png\",\"contentUrl\":\"https:\\\/\\\/demaco-cryogenics.com\\\/wp-content\\\/uploads\\\/2020\\\/11\\\/logoDemaco.png\",\"width\":195,\"height\":32,\"caption\":\"Demaco Holland B.V.\"},\"image\":{\"@id\":\"https:\\\/\\\/demaco-cryogenics.com\\\/de\\\/#\\\/schema\\\/logo\\\/image\\\/\"},\"sameAs\":[\"https:\\\/\\\/www.facebook.com\\\/demaconl\",\"https:\\\/\\\/x.com\\\/DemacoNL\",\"https:\\\/\\\/www.linkedin.com\\\/company\\\/demaco-holland-bv\",\"https:\\\/\\\/www.youtube.com\\\/channel\\\/UC78jyFu07rQ4tbCzzoHxm1Q\"]}]}<\/script>\n<!-- \/ Yoast SEO plugin. -->","yoast_head_json":{"title":"Haftungsausschluss - Demaco Holland B.V.","description":"Auf der Website von Demaco Holland B.V. gelten die folgenden Bedingungen. Durch die Betrachtung dieser Website und die Nutzung der darauf angebotenen Informationen erkl\u00e4ren Sie sich mit diesen Bedingungen einverstanden.","robots":{"index":"index","follow":"follow","max-snippet":"max-snippet:-1","max-image-preview":"max-image-preview:large","max-video-preview":"max-video-preview:-1"},"canonical":"https:\/\/demaco-cryogenics.com\/de\/haftungsausschluss\/","og_locale":"de_DE","og_type":"article","og_title":"Haftungsausschluss - Demaco Holland B.V.","og_description":"Auf der Website von Demaco Holland B.V. gelten die folgenden Bedingungen. Durch die Betrachtung dieser Website und die Nutzung der darauf angebotenen Informationen erkl\u00e4ren Sie sich mit diesen Bedingungen einverstanden.","og_url":"https:\/\/demaco-cryogenics.com\/de\/haftungsausschluss\/","og_site_name":"Demaco Cryogenics","article_publisher":"https:\/\/www.facebook.com\/demaconl","article_modified_time":"2021-02-18T12:30:00+00:00","twitter_card":"summary_large_image","twitter_site":"@DemacoNL","twitter_misc":{"Gesch\u00e4tzte Lesezeit":"2\u00a0Minuten"},"schema":{"@context":"https:\/\/schema.org","@graph":[{"@type":"WebPage","@id":"https:\/\/demaco-cryogenics.com\/de\/haftungsausschluss\/","url":"https:\/\/demaco-cryogenics.com\/de\/haftungsausschluss\/","name":"Haftungsausschluss - Demaco Holland B.V.","isPartOf":{"@id":"https:\/\/demaco-cryogenics.com\/de\/#website"},"datePublished":"2021-02-15T16:28:22+00:00","dateModified":"2021-02-18T12:30:00+00:00","description":"Auf der Website von Demaco Holland B.V. gelten die folgenden Bedingungen. Durch die Betrachtung dieser Website und die Nutzung der darauf angebotenen Informationen erkl\u00e4ren Sie sich mit diesen Bedingungen einverstanden.","breadcrumb":{"@id":"https:\/\/demaco-cryogenics.com\/de\/haftungsausschluss\/#breadcrumb"},"inLanguage":"de","potentialAction":[{"@type":"ReadAction","target":["https:\/\/demaco-cryogenics.com\/de\/haftungsausschluss\/"]}]},{"@type":"BreadcrumbList","@id":"https:\/\/demaco-cryogenics.com\/de\/haftungsausschluss\/#breadcrumb","itemListElement":[{"@type":"ListItem","position":1,"name":"Home","item":"https:\/\/demaco-cryogenics.com\/de\/"},{"@type":"ListItem","position":2,"name":"Haftungsausschluss"}]},{"@type":"WebSite","@id":"https:\/\/demaco-cryogenics.com\/de\/#website","url":"https:\/\/demaco-cryogenics.com\/de\/","name":"Demaco Cryogenics","description":"It&#039;s all about cryogenics","publisher":{"@id":"https:\/\/demaco-cryogenics.com\/de\/#organization"},"potentialAction":[{"@type":"SearchAction","target":{"@type":"EntryPoint","urlTemplate":"https:\/\/demaco-cryogenics.com\/de\/?s={search_term_string}"},"query-input":{"@type":"PropertyValueSpecification","valueRequired":true,"valueName":"search_term_string"}}],"inLanguage":"de"},{"@type":"Organization","@id":"https:\/\/demaco-cryogenics.com\/de\/#organization","name":"Demaco Holland B.V.","url":"https:\/\/demaco-cryogenics.com\/de\/","logo":{"@type":"ImageObject","inLanguage":"de","@id":"https:\/\/demaco-cryogenics.com\/de\/#\/schema\/logo\/image\/","url":"https:\/\/demaco-cryogenics.com\/wp-content\/uploads\/2020\/11\/logoDemaco.png","contentUrl":"https:\/\/demaco-cryogenics.com\/wp-content\/uploads\/2020\/11\/logoDemaco.png","width":195,"height":32,"caption":"Demaco Holland B.V."},"image":{"@id":"https:\/\/demaco-cryogenics.com\/de\/#\/schema\/logo\/image\/"},"sameAs":["https:\/\/www.facebook.com\/demaconl","https:\/\/x.com\/DemacoNL","https:\/\/www.linkedin.com\/company\/demaco-holland-bv","https:\/\/www.youtube.com\/channel\/UC78jyFu07rQ4tbCzzoHxm1Q"]}]}},"_links":{"self":[{"href":"https:\/\/demaco-cryogenics.com\/de\/wp-json\/wp\/v2\/pages\/29921","targetHints":{"allow":["GET"]}}],"collection":[{"href":"https:\/\/demaco-cryogenics.com\/de\/wp-json\/wp\/v2\/pages"}],"about":[{"href":"https:\/\/demaco-cryogenics.com\/de\/wp-json\/wp\/v2\/types\/page"}],"author":[{"embeddable":true,"href":"https:\/\/demaco-cryogenics.com\/de\/wp-json\/wp\/v2\/users\/2"}],"replies":[{"embeddable":true,"href":"https:\/\/demaco-cryogenics.com\/de\/wp-json\/wp\/v2\/comments?post=29921"}],"version-history":[{"count":0,"href":"https:\/\/demaco-cryogenics.com\/de\/wp-json\/wp\/v2\/pages\/29921\/revisions"}],"wp:attachment":[{"href":"https:\/\/demaco-cryogenics.com\/de\/wp-json\/wp\/v2\/media?parent=29921"}],"curies":[{"name":"wp","href":"https:\/\/api.w.org\/{rel}","templated":true}]}}