{"id":28024,"date":"2021-02-10T21:18:09","date_gmt":"2021-02-10T20:18:09","guid":{"rendered":"https:\/\/demaco-cryogenics.com\/declaration-de-confidentialite\/"},"modified":"2021-02-18T13:31:53","modified_gmt":"2021-02-18T12:31:53","slug":"declaration-de-confidentialite","status":"publish","type":"page","link":"https:\/\/demaco-cryogenics.com\/fr\/declaration-de-confidentialite\/","title":{"rendered":"D\u00e9claration de confidentialit\u00e9"},"content":{"rendered":"\t\t<div data-elementor-type=\"wp-page\" data-elementor-id=\"28024\" class=\"elementor elementor-28024 elementor-22047\" data-elementor-post-type=\"page\">\n\t\t\t\t\t\t<section class=\"elementor-section elementor-top-section elementor-element elementor-element-a417162 elementor-section-boxed elementor-section-height-default elementor-section-height-default\" data-id=\"a417162\" data-element_type=\"section\" data-e-type=\"section\">\n\t\t\t\t\t\t<div class=\"elementor-container elementor-column-gap-default\">\n\t\t\t\t\t<div class=\"elementor-column elementor-col-100 elementor-top-column elementor-element elementor-element-0444bb0\" data-id=\"0444bb0\" data-element_type=\"column\" data-e-type=\"column\">\n\t\t\t<div class=\"elementor-widget-wrap elementor-element-populated\">\n\t\t\t\t\t\t<div class=\"elementor-element elementor-element-76b4fe2 text-dc-gradient elementor-widget elementor-widget-heading\" data-id=\"76b4fe2\" data-element_type=\"widget\" data-e-type=\"widget\" data-widget_type=\"heading.default\">\n\t\t\t\t<div class=\"elementor-widget-container\">\n\t\t\t\t\t<h1 class=\"elementor-heading-title elementor-size-xxl\">D\u00e9claration de confidentialit\u00e9<\/h1>\t\t\t\t<\/div>\n\t\t\t\t<\/div>\n\t\t\t\t<div class=\"elementor-element elementor-element-c79554c elementor-widget elementor-widget-text-editor\" data-id=\"c79554c\" data-element_type=\"widget\" data-e-type=\"widget\" data-widget_type=\"text-editor.default\">\n\t\t\t\t<div class=\"elementor-widget-container\">\n\t\t\t\t\t\t\t\t\t<p>Demaco Holland B.V., ci-apr\u00e8s d\u00e9nomm\u00e9e Demaco, consid\u00e8re que le traitement des donn\u00e9es \u00e0 caract\u00e8re personnel doit \u00eatre effectu\u00e9 avec soin<br \/>d&rsquo;une grande importance. Les donn\u00e9es personnelles sont donc trait\u00e9es avec soin et s\u00e9curis\u00e9es par nos soins.<\/p><p>Lors du traitement des donn\u00e9es personnelles et autres, Demaco respecte la l\u00e9gislation applicable, la<br \/>Algemene Verordening Gegevensbescherming (AVG) (r\u00e8glement g\u00e9n\u00e9ral sur la protection des donn\u00e9es).<\/p><p>Vous trouverez ci-dessous ce que vous pouvez attendre de nous et les r\u00e8gles que nous respectons.<\/p><p>La politique de confidentialit\u00e9 ci-dessous s&rsquo;applique \u00e0 toutes les visites de sites, transactions et accords avec Demaco Holland<br \/>B.V., Oester 2, Noord-Scharwoude.<\/p><h2>Objet de l&rsquo;utilisation<\/h2><p>Afin de vous fournir le meilleur service possible, Demaco doit stocker vos donn\u00e9es. Nous utilisons votre<br \/>donn\u00e9es personnelles pour :<br \/>&#8211; l&rsquo;ex\u00e9cution d&rsquo;accords, de transactions et de services ;<br \/>&#8211; la gestion des relations ;<br \/>&#8211; le d\u00e9veloppement de produits et de services ;<br \/>&#8211; d\u00e9terminer la strat\u00e9gie et la politique ;<br \/>&#8211; le cas \u00e9ch\u00e9ant, la d\u00e9couverte de comportements illicites \u00e0 l&rsquo;\u00e9gard de Demaco, de ses relations et de ses employ\u00e9s.<\/p><h2>Communication marketing<\/h2><p>De temps en temps, nous vous envoyons des nouvelles de nos services (par exemple par e-mail). Nous ne le faisons que si<br \/>vous avez indiqu\u00e9 \u00e0 l&rsquo;avance que vous souhaitez recevoir cette communication commerciale.<\/p><h2>\u00c9tudes de march\u00e9<\/h2><p>Votre avis est important pour nous. Nous pouvons ainsi am\u00e9liorer nos produits et services. C&rsquo;est pourquoi nous<br \/>vous contacter occasionnellement pour une enqu\u00eate. Vous d\u00e9cidez toujours vous-m\u00eame si vous voulez (suite<br \/>de) participer \u00e0 nos \u00e9tudes de march\u00e9.<\/p><h2>S\u00e9curit\u00e9 des donn\u00e9es<\/h2><p>Demaco utilise des proc\u00e9dures de s\u00e9curit\u00e9 pour prot\u00e9ger les donn\u00e9es trait\u00e9es, entre autres pour emp\u00eacher<br \/>les personnes non autoris\u00e9es \u00e0 acc\u00e9der \u00e0 ces donn\u00e9es de mani\u00e8re non intentionnelle. Nous prot\u00e9geons vos donn\u00e9es avec tous les<br \/>moyens possibles, mais en raison de la nature publique de l&rsquo;internet, nous ne pouvons pas toujours garantir \u00e0 100 % la<br \/>la s\u00e9curit\u00e9 de la transmission des informations via l&rsquo;internet.<\/p><h2>\u00c9change de donn\u00e9es au sein de Demaco<\/h2><p>Demaco utilise des proc\u00e9dures de s\u00e9curit\u00e9 pour prot\u00e9ger les donn\u00e9es trait\u00e9es, entre autres pour emp\u00eacher<br \/>les personnes non autoris\u00e9es \u00e0 acc\u00e9der \u00e0 ces donn\u00e9es de mani\u00e8re non intentionnelle. Nous prot\u00e9geons vos donn\u00e9es avec tous les<br \/>moyens possibles, mais en raison de la nature publique de l&rsquo;internet, nous ne pouvons pas toujours garantir \u00e0 100 % la<br \/>la s\u00e9curit\u00e9 de la transmission des informations via l&rsquo;internet.<\/p><h2>\u00c9change de donn\u00e9es avec des tiers<\/h2><p>Vos donn\u00e9es ne seront pas communiqu\u00e9es \u00e0 des tiers, autres que des fournisseurs ou des partenaires, sans autorisation explicite de la<br \/>permission.<\/p><h2>Liens vers d&rsquo;autres sites web<\/h2><p>La pr\u00e9sente d\u00e9claration de confidentialit\u00e9 ne s&rsquo;applique pas aux sites web de tiers qui sont connect\u00e9s \u00e0 ce site web par<br \/>moyens de liaisons. Nous ne pouvons pas garantir que ces tiers traiteront vos donn\u00e9es personnelles dans un<br \/>de mani\u00e8re fiable ou s\u00fbre. Nous vous recommandons de lire la d\u00e9claration de confidentialit\u00e9 de ces sites<br \/>avant d&rsquo;utiliser ces sites web.<\/p><h2>Cookies<\/h2><p>Des cookies sont utilis\u00e9s sur ce site web pour garantir l&rsquo;int\u00e9grit\u00e9 de la proc\u00e9dure d&rsquo;enregistrement et pour pouvoir<br \/>personnaliser le site web. Un cookie est un petit fichier texte qui est plac\u00e9 sur votre ordinateur par une page web<br \/>serveur. Les cookies sont uniques par utilisateur et ne peuvent \u00eatre lus que par un serveur du domaine qui a envoy\u00e9 le<br \/>\u00e0 votre ordinateur.<\/p><p>L&rsquo;objectif principal des cookies est de vous faire gagner du temps et de vous \u00e9pargner des efforts. Par exemple, si vous adaptez une page web \u00e0<br \/>vos pr\u00e9f\u00e9rences personnelles ou si vous naviguez dans un site web, gr\u00e2ce aux cookies, les param\u00e8tres choisis et<br \/>Les pr\u00e9f\u00e9rences sont m\u00e9moris\u00e9es pour un usage futur. Lorsque vous visitez \u00e0 nouveau le site web plus tard, la page pr\u00e9c\u00e9dente<br \/>les donn\u00e9es saisies peuvent \u00eatre r\u00e9cup\u00e9r\u00e9es par les cookies, de sorte que vous pouvez facilement utiliser les options du site web comme<br \/>vous les avez pr\u00e9alablement fix\u00e9s. En outre, les cookies sont utilis\u00e9s pour tenir des statistiques, mais m\u00eame dans ce cas, les donn\u00e9es<br \/>ne contiennent aucune information personnelle.<\/p><p>Vous pouvez choisir d&rsquo;accepter ou non les cookies. Les cookies sont automatiquement accept\u00e9s par la plupart des<br \/>mais vous pouvez g\u00e9n\u00e9ralement modifier les param\u00e8tres de votre navigateur de mani\u00e8re \u00e0 ce que les cookies ne soient pas accept\u00e9s si<br \/>souhait\u00e9e. Si vous choisissez de ne pas accepter les cookies, vous ne pourrez peut-\u00eatre pas profiter pleinement de la<br \/>les fonctions interactives de ce site web ou d&rsquo;autres sites que vous visitez.<\/p><h2>Les m\u00e9dias sociaux<\/h2><p>Nos sites web et nos applications mobiles comprennent des fonctionnalit\u00e9s de m\u00e9dias sociaux comme Facebook et LinkedIn, qui ont leur propre d\u00e9claration de confidentialit\u00e9. Assurez-vous de lire leurs conditions et<br \/>et la d\u00e9claration de confidentialit\u00e9 avec soin avant d&rsquo;entrer des donn\u00e9es personnelles ; nous n&rsquo;acceptons<br \/>la responsabilit\u00e9 ou l&rsquo;obligation de ces fonctions.<\/p><h2>Modifications de la d\u00e9claration de confidentialit\u00e9<\/h2><p>Demaco se r\u00e9serve le droit de modifier ces conditions. Les changements sont toujours annonc\u00e9s sur notre<br \/>et imm\u00e9diatement trait\u00e9es dans la pr\u00e9sente d\u00e9claration de confidentialit\u00e9.<\/p><h2>Voir les donn\u00e9es et se d\u00e9sabonner<\/h2><p>Nous mettrons \u00e0 jour ou supprimerons les informations vous concernant, sauf si nous devons les conserver \u00e0 des fins commerciales ou juridiques.<\/p><p>Vous pouvez demander l&rsquo;acc\u00e8s \u00e0 vos donn\u00e9es personnelles stock\u00e9es par Demaco Holland B.V. Vous pouvez \u00e9galement demander<br \/>Demaco \u00e0 modifier, compl\u00e9ter et\/ou supprimer, d\u00e9truire ou prot\u00e9ger ces donn\u00e9es conform\u00e9ment \u00e0 la<br \/>dispositions de l&rsquo;Algemene Verordening Gegevensbescherming (r\u00e8glement g\u00e9n\u00e9ral sur la protection des donn\u00e9es).<\/p><p>Si vous ne souhaitez plus maintenir une relation active avec Demaco, nous supprimerons imm\u00e9diatement cette<br \/>des informations provenant de nos syst\u00e8mes de gestion des relations avec la client\u00e8le et d&rsquo;envoi de courrier, \u00e0 votre demande.<\/p><p>Toute d\u00e9claration de consentement que vous fournissez peut \u00eatre retir\u00e9e \u00e0 tout moment. Pour cela, vous pouvez contacter Demaco<br \/>via info@demaco-cryogenics.com.<\/p><h2>Dur\u00e9e du stockage<\/h2><p>La dur\u00e9e de stockage des donn\u00e9es est conforme aux lois et r\u00e8glements applicables<br \/>et aussi longtemps que n\u00e9cessaire pour les objectifs pour lesquels nous utilisons les donn\u00e9es. Nous supprimons alors votre<br \/>les donn\u00e9es personnelles. Si nous voulons toujours utiliser les donn\u00e9es \u00e0 des fins analytiques, historiques ou autres<br \/>Ensuite, nous rendrons vos donn\u00e9es anonymes.<\/p><h2>Plaintes<\/h2><p>Nous faisons tout notre possible pour traiter vos donn\u00e9es personnelles avec soin. Si vous avez n\u00e9anmoins une plainte \u00e0 formuler concernant<br \/>la mani\u00e8re dont nous collectons, stockons ou utilisons vos donn\u00e9es personnelles, veuillez nous le faire savoir en nous adressant votre<br \/>question ou plainte \u00e9crite \u00e0 Demaco.<br \/>Adresse :<br \/>Demaco Holland B.V., Oester 2.1723 HW Noord-Scharwoude, Pays-Bas<br \/>ou par courrier \u00e9lectronique \u00e0 l&rsquo;adresse suivante : info@demaco-cryogenics.com<\/p>\t\t\t\t\t\t\t\t<\/div>\n\t\t\t\t<\/div>\n\t\t\t\t\t<\/div>\n\t\t<\/div>\n\t\t\t\t\t<\/div>\n\t\t<\/section>\n\t\t\t\t<\/div>\n\t\t","protected":false},"excerpt":{"rendered":"<p>D\u00e9claration de confidentialit\u00e9 Demaco Holland B.V., ci-apr\u00e8s d\u00e9nomm\u00e9e Demaco, consid\u00e8re que le traitement des donn\u00e9es \u00e0 caract\u00e8re personnel doit \u00eatre effectu\u00e9 avec soind&rsquo;une grande importance. Les donn\u00e9es personnelles sont donc trait\u00e9es avec soin et s\u00e9curis\u00e9es par nos soins. Lors du traitement des donn\u00e9es personnelles et autres, Demaco respecte la l\u00e9gislation applicable, laAlgemene Verordening Gegevensbescherming (AVG) [&hellip;]<\/p>\n","protected":false},"author":2,"featured_media":0,"parent":0,"menu_order":0,"comment_status":"closed","ping_status":"closed","template":"","meta":{"_acf_changed":false,"site-sidebar-layout":"no-sidebar","site-content-layout":"page-builder","ast-site-content-layout":"default","site-content-style":"default","site-sidebar-style":"default","ast-global-header-display":"","ast-banner-title-visibility":"","ast-main-header-display":"","ast-hfb-above-header-display":"","ast-hfb-below-header-display":"","ast-hfb-mobile-header-display":"","site-post-title":"disabled","ast-breadcrumbs-content":"","ast-featured-img":"disabled","footer-sml-layout":"","ast-disable-related-posts":"","theme-transparent-header-meta":"default","adv-header-id-meta":"","stick-header-meta":"","header-above-stick-meta":"","header-main-stick-meta":"","header-below-stick-meta":"","astra-migrate-meta-layouts":"default","ast-page-background-enabled":"default","ast-page-background-meta":{"desktop":{"background-color":"","background-image":"","background-repeat":"repeat","background-position":"center center","background-size":"auto","background-attachment":"scroll","background-type":"","background-media":"","overlay-type":"","overlay-color":"","overlay-opacity":"","overlay-gradient":""},"tablet":{"background-color":"","background-image":"","background-repeat":"repeat","background-position":"center center","background-size":"auto","background-attachment":"scroll","background-type":"","background-media":"","overlay-type":"","overlay-color":"","overlay-opacity":"","overlay-gradient":""},"mobile":{"background-color":"","background-image":"","background-repeat":"repeat","background-position":"center center","background-size":"auto","background-attachment":"scroll","background-type":"","background-media":"","overlay-type":"","overlay-color":"","overlay-opacity":"","overlay-gradient":""}},"ast-content-background-meta":{"desktop":{"background-color":"var(--ast-global-color-5)","background-image":"","background-repeat":"repeat","background-position":"center center","background-size":"auto","background-attachment":"scroll","background-type":"","background-media":"","overlay-type":"","overlay-color":"","overlay-opacity":"","overlay-gradient":""},"tablet":{"background-color":"var(--ast-global-color-5)","background-image":"","background-repeat":"repeat","background-position":"center center","background-size":"auto","background-attachment":"scroll","background-type":"","background-media":"","overlay-type":"","overlay-color":"","overlay-opacity":"","overlay-gradient":""},"mobile":{"background-color":"var(--ast-global-color-5)","background-image":"","background-repeat":"repeat","background-position":"center center","background-size":"auto","background-attachment":"scroll","background-type":"","background-media":"","overlay-type":"","overlay-color":"","overlay-opacity":"","overlay-gradient":""}},"footnotes":""},"class_list":["post-28024","page","type-page","status-publish","hentry"],"acf":[],"yoast_head":"<!-- This site is optimized with the Yoast SEO plugin v27.4 - https:\/\/yoast.com\/product\/yoast-seo-wordpress\/ -->\n<title>D\u00e9claration de confidentialit\u00e9 - Demaco Holland B.V.<\/title>\n<meta name=\"description\" content=\"Demaco Holland B.V., ci-apr\u00e8s d\u00e9nomm\u00e9e Demaco, consid\u00e8re que le traitement soigneux des donn\u00e9es personnelles est d&#039;une grande importance. Les donn\u00e9es personnelles sont donc soigneusement trait\u00e9es et s\u00e9curis\u00e9es par nos soins.\" \/>\n<meta name=\"robots\" content=\"noindex, follow\" \/>\n<meta property=\"og:locale\" content=\"fr_FR\" \/>\n<meta property=\"og:type\" content=\"article\" \/>\n<meta property=\"og:title\" content=\"D\u00e9claration de confidentialit\u00e9 - Demaco Holland B.V.\" \/>\n<meta property=\"og:description\" content=\"Demaco Holland B.V., ci-apr\u00e8s d\u00e9nomm\u00e9e Demaco, consid\u00e8re que le traitement soigneux des donn\u00e9es personnelles est d&#039;une grande importance. Les donn\u00e9es personnelles sont donc soigneusement trait\u00e9es et s\u00e9curis\u00e9es par nos soins.\" \/>\n<meta property=\"og:url\" content=\"https:\/\/demaco-cryogenics.com\/fr\/declaration-de-confidentialite\/\" \/>\n<meta property=\"og:site_name\" content=\"Demaco Cryogenics\" \/>\n<meta property=\"article:publisher\" content=\"https:\/\/www.facebook.com\/demaconl\" \/>\n<meta property=\"article:modified_time\" content=\"2021-02-18T12:31:53+00:00\" \/>\n<meta name=\"twitter:card\" content=\"summary_large_image\" \/>\n<meta name=\"twitter:site\" content=\"@DemacoNL\" \/>\n<meta name=\"twitter:label1\" content=\"Dur\u00e9e de lecture estim\u00e9e\" \/>\n\t<meta name=\"twitter:data1\" content=\"5 minutes\" \/>\n<script type=\"application\/ld+json\" class=\"yoast-schema-graph\">{\"@context\":\"https:\\\/\\\/schema.org\",\"@graph\":[{\"@type\":\"WebPage\",\"@id\":\"https:\\\/\\\/demaco-cryogenics.com\\\/fr\\\/declaration-de-confidentialite\\\/\",\"url\":\"https:\\\/\\\/demaco-cryogenics.com\\\/fr\\\/declaration-de-confidentialite\\\/\",\"name\":\"D\u00e9claration de confidentialit\u00e9 - Demaco Holland B.V.\",\"isPartOf\":{\"@id\":\"https:\\\/\\\/demaco-cryogenics.com\\\/fr\\\/#website\"},\"datePublished\":\"2021-02-10T20:18:09+00:00\",\"dateModified\":\"2021-02-18T12:31:53+00:00\",\"description\":\"Demaco Holland B.V., ci-apr\u00e8s d\u00e9nomm\u00e9e Demaco, consid\u00e8re que le traitement soigneux des donn\u00e9es personnelles est d'une grande importance. Les donn\u00e9es personnelles sont donc soigneusement trait\u00e9es et s\u00e9curis\u00e9es par nos soins.\",\"breadcrumb\":{\"@id\":\"https:\\\/\\\/demaco-cryogenics.com\\\/fr\\\/declaration-de-confidentialite\\\/#breadcrumb\"},\"inLanguage\":\"fr-FR\",\"potentialAction\":[{\"@type\":\"ReadAction\",\"target\":[\"https:\\\/\\\/demaco-cryogenics.com\\\/fr\\\/declaration-de-confidentialite\\\/\"]}]},{\"@type\":\"BreadcrumbList\",\"@id\":\"https:\\\/\\\/demaco-cryogenics.com\\\/fr\\\/declaration-de-confidentialite\\\/#breadcrumb\",\"itemListElement\":[{\"@type\":\"ListItem\",\"position\":1,\"name\":\"Accueil\",\"item\":\"https:\\\/\\\/demaco-cryogenics.com\\\/fr\\\/\"},{\"@type\":\"ListItem\",\"position\":2,\"name\":\"D\u00e9claration de confidentialit\u00e9\"}]},{\"@type\":\"WebSite\",\"@id\":\"https:\\\/\\\/demaco-cryogenics.com\\\/fr\\\/#website\",\"url\":\"https:\\\/\\\/demaco-cryogenics.com\\\/fr\\\/\",\"name\":\"Demaco Cryogenics\",\"description\":\"It&#039;s all about cryogenics\",\"publisher\":{\"@id\":\"https:\\\/\\\/demaco-cryogenics.com\\\/fr\\\/#organization\"},\"potentialAction\":[{\"@type\":\"SearchAction\",\"target\":{\"@type\":\"EntryPoint\",\"urlTemplate\":\"https:\\\/\\\/demaco-cryogenics.com\\\/fr\\\/?s={search_term_string}\"},\"query-input\":{\"@type\":\"PropertyValueSpecification\",\"valueRequired\":true,\"valueName\":\"search_term_string\"}}],\"inLanguage\":\"fr-FR\"},{\"@type\":\"Organization\",\"@id\":\"https:\\\/\\\/demaco-cryogenics.com\\\/fr\\\/#organization\",\"name\":\"Demaco Holland B.V.\",\"url\":\"https:\\\/\\\/demaco-cryogenics.com\\\/fr\\\/\",\"logo\":{\"@type\":\"ImageObject\",\"inLanguage\":\"fr-FR\",\"@id\":\"https:\\\/\\\/demaco-cryogenics.com\\\/fr\\\/#\\\/schema\\\/logo\\\/image\\\/\",\"url\":\"https:\\\/\\\/demaco-cryogenics.com\\\/wp-content\\\/uploads\\\/2020\\\/11\\\/logoDemaco.png\",\"contentUrl\":\"https:\\\/\\\/demaco-cryogenics.com\\\/wp-content\\\/uploads\\\/2020\\\/11\\\/logoDemaco.png\",\"width\":195,\"height\":32,\"caption\":\"Demaco Holland B.V.\"},\"image\":{\"@id\":\"https:\\\/\\\/demaco-cryogenics.com\\\/fr\\\/#\\\/schema\\\/logo\\\/image\\\/\"},\"sameAs\":[\"https:\\\/\\\/www.facebook.com\\\/demaconl\",\"https:\\\/\\\/x.com\\\/DemacoNL\",\"https:\\\/\\\/www.linkedin.com\\\/company\\\/demaco-holland-bv\",\"https:\\\/\\\/www.youtube.com\\\/channel\\\/UC78jyFu07rQ4tbCzzoHxm1Q\"]}]}<\/script>\n<!-- \/ Yoast SEO plugin. -->","yoast_head_json":{"title":"D\u00e9claration de confidentialit\u00e9 - Demaco Holland B.V.","description":"Demaco Holland B.V., ci-apr\u00e8s d\u00e9nomm\u00e9e Demaco, consid\u00e8re que le traitement soigneux des donn\u00e9es personnelles est d'une grande importance. Les donn\u00e9es personnelles sont donc soigneusement trait\u00e9es et s\u00e9curis\u00e9es par nos soins.","robots":{"index":"noindex","follow":"follow"},"og_locale":"fr_FR","og_type":"article","og_title":"D\u00e9claration de confidentialit\u00e9 - Demaco Holland B.V.","og_description":"Demaco Holland B.V., ci-apr\u00e8s d\u00e9nomm\u00e9e Demaco, consid\u00e8re que le traitement soigneux des donn\u00e9es personnelles est d'une grande importance. Les donn\u00e9es personnelles sont donc soigneusement trait\u00e9es et s\u00e9curis\u00e9es par nos soins.","og_url":"https:\/\/demaco-cryogenics.com\/fr\/declaration-de-confidentialite\/","og_site_name":"Demaco Cryogenics","article_publisher":"https:\/\/www.facebook.com\/demaconl","article_modified_time":"2021-02-18T12:31:53+00:00","twitter_card":"summary_large_image","twitter_site":"@DemacoNL","twitter_misc":{"Dur\u00e9e de lecture estim\u00e9e":"5 minutes"},"schema":{"@context":"https:\/\/schema.org","@graph":[{"@type":"WebPage","@id":"https:\/\/demaco-cryogenics.com\/fr\/declaration-de-confidentialite\/","url":"https:\/\/demaco-cryogenics.com\/fr\/declaration-de-confidentialite\/","name":"D\u00e9claration de confidentialit\u00e9 - Demaco Holland B.V.","isPartOf":{"@id":"https:\/\/demaco-cryogenics.com\/fr\/#website"},"datePublished":"2021-02-10T20:18:09+00:00","dateModified":"2021-02-18T12:31:53+00:00","description":"Demaco Holland B.V., ci-apr\u00e8s d\u00e9nomm\u00e9e Demaco, consid\u00e8re que le traitement soigneux des donn\u00e9es personnelles est d'une grande importance. Les donn\u00e9es personnelles sont donc soigneusement trait\u00e9es et s\u00e9curis\u00e9es par nos soins.","breadcrumb":{"@id":"https:\/\/demaco-cryogenics.com\/fr\/declaration-de-confidentialite\/#breadcrumb"},"inLanguage":"fr-FR","potentialAction":[{"@type":"ReadAction","target":["https:\/\/demaco-cryogenics.com\/fr\/declaration-de-confidentialite\/"]}]},{"@type":"BreadcrumbList","@id":"https:\/\/demaco-cryogenics.com\/fr\/declaration-de-confidentialite\/#breadcrumb","itemListElement":[{"@type":"ListItem","position":1,"name":"Accueil","item":"https:\/\/demaco-cryogenics.com\/fr\/"},{"@type":"ListItem","position":2,"name":"D\u00e9claration de confidentialit\u00e9"}]},{"@type":"WebSite","@id":"https:\/\/demaco-cryogenics.com\/fr\/#website","url":"https:\/\/demaco-cryogenics.com\/fr\/","name":"Demaco Cryogenics","description":"It&#039;s all about cryogenics","publisher":{"@id":"https:\/\/demaco-cryogenics.com\/fr\/#organization"},"potentialAction":[{"@type":"SearchAction","target":{"@type":"EntryPoint","urlTemplate":"https:\/\/demaco-cryogenics.com\/fr\/?s={search_term_string}"},"query-input":{"@type":"PropertyValueSpecification","valueRequired":true,"valueName":"search_term_string"}}],"inLanguage":"fr-FR"},{"@type":"Organization","@id":"https:\/\/demaco-cryogenics.com\/fr\/#organization","name":"Demaco Holland B.V.","url":"https:\/\/demaco-cryogenics.com\/fr\/","logo":{"@type":"ImageObject","inLanguage":"fr-FR","@id":"https:\/\/demaco-cryogenics.com\/fr\/#\/schema\/logo\/image\/","url":"https:\/\/demaco-cryogenics.com\/wp-content\/uploads\/2020\/11\/logoDemaco.png","contentUrl":"https:\/\/demaco-cryogenics.com\/wp-content\/uploads\/2020\/11\/logoDemaco.png","width":195,"height":32,"caption":"Demaco Holland B.V."},"image":{"@id":"https:\/\/demaco-cryogenics.com\/fr\/#\/schema\/logo\/image\/"},"sameAs":["https:\/\/www.facebook.com\/demaconl","https:\/\/x.com\/DemacoNL","https:\/\/www.linkedin.com\/company\/demaco-holland-bv","https:\/\/www.youtube.com\/channel\/UC78jyFu07rQ4tbCzzoHxm1Q"]}]}},"_links":{"self":[{"href":"https:\/\/demaco-cryogenics.com\/fr\/wp-json\/wp\/v2\/pages\/28024","targetHints":{"allow":["GET"]}}],"collection":[{"href":"https:\/\/demaco-cryogenics.com\/fr\/wp-json\/wp\/v2\/pages"}],"about":[{"href":"https:\/\/demaco-cryogenics.com\/fr\/wp-json\/wp\/v2\/types\/page"}],"author":[{"embeddable":true,"href":"https:\/\/demaco-cryogenics.com\/fr\/wp-json\/wp\/v2\/users\/2"}],"replies":[{"embeddable":true,"href":"https:\/\/demaco-cryogenics.com\/fr\/wp-json\/wp\/v2\/comments?post=28024"}],"version-history":[{"count":0,"href":"https:\/\/demaco-cryogenics.com\/fr\/wp-json\/wp\/v2\/pages\/28024\/revisions"}],"wp:attachment":[{"href":"https:\/\/demaco-cryogenics.com\/fr\/wp-json\/wp\/v2\/media?parent=28024"}],"curies":[{"name":"wp","href":"https:\/\/api.w.org\/{rel}","templated":true}]}}