{"id":29918,"date":"2021-02-15T17:28:15","date_gmt":"2021-02-15T16:28:15","guid":{"rendered":"https:\/\/demaco-cryogenics.com\/clause-de-non-responsabilite\/"},"modified":"2021-02-18T13:30:22","modified_gmt":"2021-02-18T12:30:22","slug":"clause-de-non-responsabilite","status":"publish","type":"page","link":"https:\/\/demaco-cryogenics.com\/fr\/clause-de-non-responsabilite\/","title":{"rendered":"Clause de non-responsabilit\u00e9"},"content":{"rendered":"\t\t<div data-elementor-type=\"wp-page\" data-elementor-id=\"29918\" class=\"elementor elementor-29918 elementor-20302\" data-elementor-post-type=\"page\">\n\t\t\t\t\t\t<section class=\"elementor-section elementor-top-section elementor-element elementor-element-f87655a elementor-section-boxed elementor-section-height-default elementor-section-height-default\" data-id=\"f87655a\" data-element_type=\"section\" data-e-type=\"section\">\n\t\t\t\t\t\t<div class=\"elementor-container elementor-column-gap-default\">\n\t\t\t\t\t<div class=\"elementor-column elementor-col-100 elementor-top-column elementor-element elementor-element-479ae18\" data-id=\"479ae18\" data-element_type=\"column\" data-e-type=\"column\">\n\t\t\t<div class=\"elementor-widget-wrap elementor-element-populated\">\n\t\t\t\t\t\t<div class=\"elementor-element elementor-element-ee162d9 text-dc-gradient elementor-widget elementor-widget-heading\" data-id=\"ee162d9\" data-element_type=\"widget\" data-e-type=\"widget\" data-widget_type=\"heading.default\">\n\t\t\t\t<div class=\"elementor-widget-container\">\n\t\t\t\t\t<h1 class=\"elementor-heading-title elementor-size-xxl\">Clause de non-responsabilit\u00e9<\/h1>\t\t\t\t<\/div>\n\t\t\t\t<\/div>\n\t\t\t\t<div class=\"elementor-element elementor-element-66265bb elementor-widget elementor-widget-text-editor\" data-id=\"66265bb\" data-element_type=\"widget\" data-e-type=\"widget\" data-widget_type=\"text-editor.default\">\n\t\t\t\t<div class=\"elementor-widget-container\">\n\t\t\t\t\t\t\t\t\t<p><span style=\"font-weight: 400;\">Sur le site de Demaco Holland B.V., les conditions suivantes s&rsquo;appliquent. En consultant ce site et en utilisant les informations qui y sont fournies, vous acceptez les pr\u00e9sentes conditions g\u00e9n\u00e9rales.<\/span><\/p>\n<p><span style=\"font-weight: 400;\">Les informations figurant sur ce site web sont destin\u00e9es \u00e0 l&rsquo;information g\u00e9n\u00e9rale. Ces donn\u00e9es peuvent \u00eatre modifi\u00e9es sans autre avis.<\/span><\/p>\n<p><span style=\"font-weight: 400;\">Demaco apporte le plus grand soin \u00e0 la compilation et \u00e0 la maintenance de ce site, en utilisant des sources consid\u00e9r\u00e9es comme fiables. Toutefois, Demaco ne garantit pas l&rsquo;exactitude, l&rsquo;exhaustivit\u00e9 et l&rsquo;actualit\u00e9 des informations fournies. Demaco n&rsquo;accepte aucune obligation de mettre \u00e0 jour les informations fournies ou de corriger d&rsquo;\u00e9ventuelles erreurs et rejette express\u00e9ment toute responsabilit\u00e9 \u00e0 cet \u00e9gard. Vous ne pouvez tirer aucun droit des informations fournies. Demaco ne garantit pas non plus que les sites Demaco fonctionneront sans faille ou sans interruption.<\/span><\/p>\n<p><span style=\"font-weight: 400;\">Les sites Demaco renvoient \u00e0 des informations fournies par des tiers, par le biais d&rsquo;hyperliens ou non. Ces informations n&rsquo;ont pas fait l&rsquo;objet d&rsquo;une \u00e9valuation plus pouss\u00e9e par Demaco quant \u00e0 leur caract\u00e8re raisonnable, leur exactitude, leur exhaustivit\u00e9 ou leur actualit\u00e9. Demaco rejette explicitement toute responsabilit\u00e9 \u00e0 cet \u00e9gard.<\/span><\/p>\n<p><span style=\"font-weight: 400;\">Les informations fournies ne sont pas destin\u00e9es \u00e0 remplacer les conseils d&rsquo;experts. Si vous utilisez les informations fournies sans v\u00e9rification ni conseil suppl\u00e9mentaire, vous le faites \u00e0 vos propres frais et risques.<\/span><\/p>\n<p><span style=\"font-weight: 400;\">Demaco Holland B.V., respectivement l&rsquo;ayant droit, conserve tous les droits (y compris les droits d&rsquo;auteur, les droits de marque, les brevets) concernant les informations pr\u00e9sent\u00e9es sur le site web Demaco (y compris les textes, le mat\u00e9riel graphique et les logos). Vous n&rsquo;acqu\u00e9rez aucun type de licence concernant ces informations, sauf dans la mesure strictement n\u00e9cessaire \u00e0 la consultation du site Demaco en ligne. En particulier, il n&rsquo;est pas permis de le copier, de le multiplier ou de le mettre \u00e0 la disposition d&rsquo;un tiers de quelque mani\u00e8re que ce soit sans l&rsquo;autorisation \u00e9crite expresse de Demaco.<\/span><\/p>\n<p><span style=\"font-weight: 400;\">Les exclusions et les limitations de responsabilit\u00e9 profitent \u00e9galement aux directeurs et aux employ\u00e9s de Demaco.<\/span><\/p>\n<p><span style=\"font-weight: 400;\">La loi n\u00e9erlandaise s&rsquo;applique au site Demaco et aux pr\u00e9sentes conditions g\u00e9n\u00e9rales et \u00e0 la clause de non-responsabilit\u00e9.<\/span><\/p>\n\t\t\t\t\t\t\t\t<\/div>\n\t\t\t\t<\/div>\n\t\t\t\t\t<\/div>\n\t\t<\/div>\n\t\t\t\t\t<\/div>\n\t\t<\/section>\n\t\t\t\t<\/div>\n\t\t","protected":false},"excerpt":{"rendered":"<p>Clause de non-responsabilit\u00e9 Sur le site de Demaco Holland B.V., les conditions suivantes s&rsquo;appliquent. En consultant ce site et en utilisant les informations qui y sont fournies, vous acceptez les pr\u00e9sentes conditions g\u00e9n\u00e9rales. Les informations figurant sur ce site web sont destin\u00e9es \u00e0 l&rsquo;information g\u00e9n\u00e9rale. Ces donn\u00e9es peuvent \u00eatre modifi\u00e9es sans autre avis. Demaco apporte [&hellip;]<\/p>\n","protected":false},"author":2,"featured_media":0,"parent":0,"menu_order":0,"comment_status":"closed","ping_status":"closed","template":"","meta":{"_acf_changed":false,"site-sidebar-layout":"no-sidebar","site-content-layout":"page-builder","ast-site-content-layout":"default","site-content-style":"default","site-sidebar-style":"default","ast-global-header-display":"","ast-banner-title-visibility":"","ast-main-header-display":"","ast-hfb-above-header-display":"","ast-hfb-below-header-display":"","ast-hfb-mobile-header-display":"","site-post-title":"disabled","ast-breadcrumbs-content":"","ast-featured-img":"disabled","footer-sml-layout":"","ast-disable-related-posts":"","theme-transparent-header-meta":"default","adv-header-id-meta":"","stick-header-meta":"","header-above-stick-meta":"","header-main-stick-meta":"","header-below-stick-meta":"","astra-migrate-meta-layouts":"default","ast-page-background-enabled":"default","ast-page-background-meta":{"desktop":{"background-color":"","background-image":"","background-repeat":"repeat","background-position":"center center","background-size":"auto","background-attachment":"scroll","background-type":"","background-media":"","overlay-type":"","overlay-color":"","overlay-opacity":"","overlay-gradient":""},"tablet":{"background-color":"","background-image":"","background-repeat":"repeat","background-position":"center center","background-size":"auto","background-attachment":"scroll","background-type":"","background-media":"","overlay-type":"","overlay-color":"","overlay-opacity":"","overlay-gradient":""},"mobile":{"background-color":"","background-image":"","background-repeat":"repeat","background-position":"center center","background-size":"auto","background-attachment":"scroll","background-type":"","background-media":"","overlay-type":"","overlay-color":"","overlay-opacity":"","overlay-gradient":""}},"ast-content-background-meta":{"desktop":{"background-color":"var(--ast-global-color-5)","background-image":"","background-repeat":"repeat","background-position":"center center","background-size":"auto","background-attachment":"scroll","background-type":"","background-media":"","overlay-type":"","overlay-color":"","overlay-opacity":"","overlay-gradient":""},"tablet":{"background-color":"var(--ast-global-color-5)","background-image":"","background-repeat":"repeat","background-position":"center center","background-size":"auto","background-attachment":"scroll","background-type":"","background-media":"","overlay-type":"","overlay-color":"","overlay-opacity":"","overlay-gradient":""},"mobile":{"background-color":"var(--ast-global-color-5)","background-image":"","background-repeat":"repeat","background-position":"center center","background-size":"auto","background-attachment":"scroll","background-type":"","background-media":"","overlay-type":"","overlay-color":"","overlay-opacity":"","overlay-gradient":""}},"footnotes":""},"class_list":["post-29918","page","type-page","status-publish","hentry"],"acf":[],"yoast_head":"<!-- This site is optimized with the Yoast SEO plugin v27.4 - https:\/\/yoast.com\/product\/yoast-seo-wordpress\/ -->\n<title>Clause de non-responsabilit\u00e9 - Demaco Holland B.V.<\/title>\n<meta name=\"description\" content=\"Sur le site de Demaco Holland B.V., les conditions suivantes s&#039;appliquent. En consultant ce site et en utilisant les informations qui y sont fournies, vous acceptez les pr\u00e9sentes conditions g\u00e9n\u00e9rales.\" \/>\n<meta name=\"robots\" content=\"index, follow, max-snippet:-1, max-image-preview:large, max-video-preview:-1\" \/>\n<link rel=\"canonical\" href=\"https:\/\/demaco-cryogenics.com\/fr\/clause-de-non-responsabilite\/\" \/>\n<meta property=\"og:locale\" content=\"fr_FR\" \/>\n<meta property=\"og:type\" content=\"article\" \/>\n<meta property=\"og:title\" content=\"Clause de non-responsabilit\u00e9 - Demaco Holland B.V.\" \/>\n<meta property=\"og:description\" content=\"Sur le site de Demaco Holland B.V., les conditions suivantes s&#039;appliquent. En consultant ce site et en utilisant les informations qui y sont fournies, vous acceptez les pr\u00e9sentes conditions g\u00e9n\u00e9rales.\" \/>\n<meta property=\"og:url\" content=\"https:\/\/demaco-cryogenics.com\/fr\/clause-de-non-responsabilite\/\" \/>\n<meta property=\"og:site_name\" content=\"Demaco Cryogenics\" \/>\n<meta property=\"article:publisher\" content=\"https:\/\/www.facebook.com\/demaconl\" \/>\n<meta property=\"article:modified_time\" content=\"2021-02-18T12:30:22+00:00\" \/>\n<meta name=\"twitter:card\" content=\"summary_large_image\" \/>\n<meta name=\"twitter:site\" content=\"@DemacoNL\" \/>\n<meta name=\"twitter:label1\" content=\"Dur\u00e9e de lecture estim\u00e9e\" \/>\n\t<meta name=\"twitter:data1\" content=\"2 minutes\" \/>\n<script type=\"application\/ld+json\" class=\"yoast-schema-graph\">{\"@context\":\"https:\\\/\\\/schema.org\",\"@graph\":[{\"@type\":\"WebPage\",\"@id\":\"https:\\\/\\\/demaco-cryogenics.com\\\/fr\\\/clause-de-non-responsabilite\\\/\",\"url\":\"https:\\\/\\\/demaco-cryogenics.com\\\/fr\\\/clause-de-non-responsabilite\\\/\",\"name\":\"Clause de non-responsabilit\u00e9 - Demaco Holland B.V.\",\"isPartOf\":{\"@id\":\"https:\\\/\\\/demaco-cryogenics.com\\\/fr\\\/#website\"},\"datePublished\":\"2021-02-15T16:28:15+00:00\",\"dateModified\":\"2021-02-18T12:30:22+00:00\",\"description\":\"Sur le site de Demaco Holland B.V., les conditions suivantes s'appliquent. En consultant ce site et en utilisant les informations qui y sont fournies, vous acceptez les pr\u00e9sentes conditions g\u00e9n\u00e9rales.\",\"breadcrumb\":{\"@id\":\"https:\\\/\\\/demaco-cryogenics.com\\\/fr\\\/clause-de-non-responsabilite\\\/#breadcrumb\"},\"inLanguage\":\"fr-FR\",\"potentialAction\":[{\"@type\":\"ReadAction\",\"target\":[\"https:\\\/\\\/demaco-cryogenics.com\\\/fr\\\/clause-de-non-responsabilite\\\/\"]}]},{\"@type\":\"BreadcrumbList\",\"@id\":\"https:\\\/\\\/demaco-cryogenics.com\\\/fr\\\/clause-de-non-responsabilite\\\/#breadcrumb\",\"itemListElement\":[{\"@type\":\"ListItem\",\"position\":1,\"name\":\"Accueil\",\"item\":\"https:\\\/\\\/demaco-cryogenics.com\\\/fr\\\/\"},{\"@type\":\"ListItem\",\"position\":2,\"name\":\"Clause de non-responsabilit\u00e9\"}]},{\"@type\":\"WebSite\",\"@id\":\"https:\\\/\\\/demaco-cryogenics.com\\\/fr\\\/#website\",\"url\":\"https:\\\/\\\/demaco-cryogenics.com\\\/fr\\\/\",\"name\":\"Demaco Cryogenics\",\"description\":\"It&#039;s all about cryogenics\",\"publisher\":{\"@id\":\"https:\\\/\\\/demaco-cryogenics.com\\\/fr\\\/#organization\"},\"potentialAction\":[{\"@type\":\"SearchAction\",\"target\":{\"@type\":\"EntryPoint\",\"urlTemplate\":\"https:\\\/\\\/demaco-cryogenics.com\\\/fr\\\/?s={search_term_string}\"},\"query-input\":{\"@type\":\"PropertyValueSpecification\",\"valueRequired\":true,\"valueName\":\"search_term_string\"}}],\"inLanguage\":\"fr-FR\"},{\"@type\":\"Organization\",\"@id\":\"https:\\\/\\\/demaco-cryogenics.com\\\/fr\\\/#organization\",\"name\":\"Demaco Holland B.V.\",\"url\":\"https:\\\/\\\/demaco-cryogenics.com\\\/fr\\\/\",\"logo\":{\"@type\":\"ImageObject\",\"inLanguage\":\"fr-FR\",\"@id\":\"https:\\\/\\\/demaco-cryogenics.com\\\/fr\\\/#\\\/schema\\\/logo\\\/image\\\/\",\"url\":\"https:\\\/\\\/demaco-cryogenics.com\\\/wp-content\\\/uploads\\\/2020\\\/11\\\/logoDemaco.png\",\"contentUrl\":\"https:\\\/\\\/demaco-cryogenics.com\\\/wp-content\\\/uploads\\\/2020\\\/11\\\/logoDemaco.png\",\"width\":195,\"height\":32,\"caption\":\"Demaco Holland B.V.\"},\"image\":{\"@id\":\"https:\\\/\\\/demaco-cryogenics.com\\\/fr\\\/#\\\/schema\\\/logo\\\/image\\\/\"},\"sameAs\":[\"https:\\\/\\\/www.facebook.com\\\/demaconl\",\"https:\\\/\\\/x.com\\\/DemacoNL\",\"https:\\\/\\\/www.linkedin.com\\\/company\\\/demaco-holland-bv\",\"https:\\\/\\\/www.youtube.com\\\/channel\\\/UC78jyFu07rQ4tbCzzoHxm1Q\"]}]}<\/script>\n<!-- \/ Yoast SEO plugin. -->","yoast_head_json":{"title":"Clause de non-responsabilit\u00e9 - Demaco Holland B.V.","description":"Sur le site de Demaco Holland B.V., les conditions suivantes s'appliquent. En consultant ce site et en utilisant les informations qui y sont fournies, vous acceptez les pr\u00e9sentes conditions g\u00e9n\u00e9rales.","robots":{"index":"index","follow":"follow","max-snippet":"max-snippet:-1","max-image-preview":"max-image-preview:large","max-video-preview":"max-video-preview:-1"},"canonical":"https:\/\/demaco-cryogenics.com\/fr\/clause-de-non-responsabilite\/","og_locale":"fr_FR","og_type":"article","og_title":"Clause de non-responsabilit\u00e9 - Demaco Holland B.V.","og_description":"Sur le site de Demaco Holland B.V., les conditions suivantes s'appliquent. En consultant ce site et en utilisant les informations qui y sont fournies, vous acceptez les pr\u00e9sentes conditions g\u00e9n\u00e9rales.","og_url":"https:\/\/demaco-cryogenics.com\/fr\/clause-de-non-responsabilite\/","og_site_name":"Demaco Cryogenics","article_publisher":"https:\/\/www.facebook.com\/demaconl","article_modified_time":"2021-02-18T12:30:22+00:00","twitter_card":"summary_large_image","twitter_site":"@DemacoNL","twitter_misc":{"Dur\u00e9e de lecture estim\u00e9e":"2 minutes"},"schema":{"@context":"https:\/\/schema.org","@graph":[{"@type":"WebPage","@id":"https:\/\/demaco-cryogenics.com\/fr\/clause-de-non-responsabilite\/","url":"https:\/\/demaco-cryogenics.com\/fr\/clause-de-non-responsabilite\/","name":"Clause de non-responsabilit\u00e9 - Demaco Holland B.V.","isPartOf":{"@id":"https:\/\/demaco-cryogenics.com\/fr\/#website"},"datePublished":"2021-02-15T16:28:15+00:00","dateModified":"2021-02-18T12:30:22+00:00","description":"Sur le site de Demaco Holland B.V., les conditions suivantes s'appliquent. En consultant ce site et en utilisant les informations qui y sont fournies, vous acceptez les pr\u00e9sentes conditions g\u00e9n\u00e9rales.","breadcrumb":{"@id":"https:\/\/demaco-cryogenics.com\/fr\/clause-de-non-responsabilite\/#breadcrumb"},"inLanguage":"fr-FR","potentialAction":[{"@type":"ReadAction","target":["https:\/\/demaco-cryogenics.com\/fr\/clause-de-non-responsabilite\/"]}]},{"@type":"BreadcrumbList","@id":"https:\/\/demaco-cryogenics.com\/fr\/clause-de-non-responsabilite\/#breadcrumb","itemListElement":[{"@type":"ListItem","position":1,"name":"Accueil","item":"https:\/\/demaco-cryogenics.com\/fr\/"},{"@type":"ListItem","position":2,"name":"Clause de non-responsabilit\u00e9"}]},{"@type":"WebSite","@id":"https:\/\/demaco-cryogenics.com\/fr\/#website","url":"https:\/\/demaco-cryogenics.com\/fr\/","name":"Demaco Cryogenics","description":"It&#039;s all about cryogenics","publisher":{"@id":"https:\/\/demaco-cryogenics.com\/fr\/#organization"},"potentialAction":[{"@type":"SearchAction","target":{"@type":"EntryPoint","urlTemplate":"https:\/\/demaco-cryogenics.com\/fr\/?s={search_term_string}"},"query-input":{"@type":"PropertyValueSpecification","valueRequired":true,"valueName":"search_term_string"}}],"inLanguage":"fr-FR"},{"@type":"Organization","@id":"https:\/\/demaco-cryogenics.com\/fr\/#organization","name":"Demaco Holland B.V.","url":"https:\/\/demaco-cryogenics.com\/fr\/","logo":{"@type":"ImageObject","inLanguage":"fr-FR","@id":"https:\/\/demaco-cryogenics.com\/fr\/#\/schema\/logo\/image\/","url":"https:\/\/demaco-cryogenics.com\/wp-content\/uploads\/2020\/11\/logoDemaco.png","contentUrl":"https:\/\/demaco-cryogenics.com\/wp-content\/uploads\/2020\/11\/logoDemaco.png","width":195,"height":32,"caption":"Demaco Holland B.V."},"image":{"@id":"https:\/\/demaco-cryogenics.com\/fr\/#\/schema\/logo\/image\/"},"sameAs":["https:\/\/www.facebook.com\/demaconl","https:\/\/x.com\/DemacoNL","https:\/\/www.linkedin.com\/company\/demaco-holland-bv","https:\/\/www.youtube.com\/channel\/UC78jyFu07rQ4tbCzzoHxm1Q"]}]}},"_links":{"self":[{"href":"https:\/\/demaco-cryogenics.com\/fr\/wp-json\/wp\/v2\/pages\/29918","targetHints":{"allow":["GET"]}}],"collection":[{"href":"https:\/\/demaco-cryogenics.com\/fr\/wp-json\/wp\/v2\/pages"}],"about":[{"href":"https:\/\/demaco-cryogenics.com\/fr\/wp-json\/wp\/v2\/types\/page"}],"author":[{"embeddable":true,"href":"https:\/\/demaco-cryogenics.com\/fr\/wp-json\/wp\/v2\/users\/2"}],"replies":[{"embeddable":true,"href":"https:\/\/demaco-cryogenics.com\/fr\/wp-json\/wp\/v2\/comments?post=29918"}],"version-history":[{"count":0,"href":"https:\/\/demaco-cryogenics.com\/fr\/wp-json\/wp\/v2\/pages\/29918\/revisions"}],"wp:attachment":[{"href":"https:\/\/demaco-cryogenics.com\/fr\/wp-json\/wp\/v2\/media?parent=29918"}],"curies":[{"name":"wp","href":"https:\/\/api.w.org\/{rel}","templated":true}]}}